{"id":2,"date":"2023-01-24T17:30:23","date_gmt":"2023-01-24T22:30:23","guid":{"rendered":"https:\/\/gensdechertsey.org\/jeu\/?page_id=2"},"modified":"2025-10-21T11:53:19","modified_gmt":"2025-10-21T15:53:19","slug":"jeu-chertsey-%f0%9f%94%86-jardin-dechange-universel","status":"publish","type":"page","link":"https:\/\/gensdechertsey.org\/jeu\/","title":{"rendered":"JEU Chertsey \u2600\ufe0f"},"content":{"rendered":"<div class=\"wp-block-image\">\r\n<figure class=\"aligncenter size-full is-resized\"><img loading=\"lazy\" decoding=\"async\" width=\"506\" height=\"29\" class=\"wp-image-2731\" style=\"width: 962px; height: auto;\" src=\"https:\/\/gensdechertsey.org\/jeu\/wp-content\/uploads\/sites\/6\/2025\/01\/image.png\" alt=\"\" srcset=\"https:\/\/gensdechertsey.org\/jeu\/wp-content\/uploads\/sites\/6\/2025\/01\/image.png 506w, https:\/\/gensdechertsey.org\/jeu\/wp-content\/uploads\/sites\/6\/2025\/01\/image-300x17.png 300w\" sizes=\"auto, (max-width: 506px) 100vw, 506px\" \/><\/figure><\/div>\r\n\r\n\r\n<p class=\"has-text-align-center\"><sup>Source: lejeu.org<\/sup><\/p>\r\n\r\n\r\n\r\n<div class=\"wp-block-spacer\" style=\"height: 12px;\" aria-hidden=\"true\">\u00a0<\/div>\r\n\r\n\r\n<div class=\"wp-block-image is-style-default\">\r\n<figure class=\"alignleft size-full is-resized\"><img loading=\"lazy\" decoding=\"async\" width=\"403\" height=\"394\" class=\"wp-image-2681\" style=\"aspect-ratio: 1; object-fit: cover; width: 216px; height: auto;\" src=\"https:\/\/gensdechertsey.org\/jeu\/wp-content\/uploads\/sites\/6\/2025\/01\/image-coeurs.png\" alt=\"\" srcset=\"https:\/\/gensdechertsey.org\/jeu\/wp-content\/uploads\/sites\/6\/2025\/01\/image-coeurs.png 403w, https:\/\/gensdechertsey.org\/jeu\/wp-content\/uploads\/sites\/6\/2025\/01\/image-coeurs-300x293.png 300w\" sizes=\"auto, (max-width: 403px) 100vw, 403px\" \/><\/figure><\/div>\r\n\r\n\r\n<p class=\"has-text-align-center\"><br \/><br \/><br \/><strong>Pour changer\u2026 \u00e9changeons (sans argent)<\/strong><br \/>des savoirs, des biens et des services,<br \/>dans un esprit de convivialit\u00e9 et de solidarit\u00e9!<\/p>\r\n\r\n\r\n\r\n<div class=\"wp-block-spacer\" style=\"height: 24px;\" aria-hidden=\"true\">\u00a0<\/div>\r\n\r\n\r\n\r\n<h2 class=\"wp-block-heading\">Le JEU et sa monnaie souveraine<\/h2>\r\n\r\n\r\n\r\n<p>Le Jardin d\u2019\u00c9change Universel (JEU) est un r\u00e9seau d\u2019\u00e9change sans fronti\u00e8res, ni hi\u00e9rarchie, favorisant des \u00e9changes \u00e9quitables entre humains.<br \/><br \/>Le JEU utilise le point JEU comme monnaie et s&rsquo;av\u00e8re une v\u00e9ritable solution pour remplacer l\u2019argent, car elle redonne le pouvoir aux individus et nourrit le lien de reconnaissance entre eux. <br \/><br \/>La cr\u00e9ation mon\u00e9taire juste \u00e9merge lorsque deux individus s\u2019entendent sur la valeur de leur \u00e9change et c\u2019est le cas avec le JEU. Par opposition, le syst\u00e8me financier mondial actuel repose sur l\u2019endettement et m\u00e8ne donc \u00e0 l\u2019exploitation de l\u2019individu par le syst\u00e8me.<\/p>\r\n\r\n\r\n\r\n<p>La monnaie JEU est autog\u00e9r\u00e9e, car elle est administr\u00e9e par chaque partenaire de la transaction. Chacun\u00b7e reprend ainsi son pouvoir sur la monnaie. Par opposition, dans le syst\u00e8me financier mondial, les monnaies officielles des pays sont sous le contr\u00f4le ext\u00e9rieur des banques priv\u00e9es, et nous n\u2019avons aucun pouvoir ni sur leur cr\u00e9ation ni sur leur gestion, qu\u2019elles soient virtuelles ou physiques.<\/p>\r\n\r\n\r\n\r\n<p>Enfin, la monnaie JEU est sans usure et sans raret\u00e9; elle g\u00e9n\u00e8re ainsi l\u2019abondance individuelle et la prosp\u00e9rit\u00e9 collective.<br \/>Elle met fin au manque engendr\u00e9 par l\u2019argent-dette, outil principal de la mise en esclavage de l\u2019humanit\u00e9.<\/p>\r\n\r\n\r\n\r\n\r\n\r\n<figure class=\"wp-block-image aligncenter size-large\"><img loading=\"lazy\" decoding=\"async\" width=\"1024\" height=\"99\" class=\"wp-image-619\" src=\"https:\/\/gensdechertsey.org\/jeu\/wp-content\/uploads\/sites\/6\/2023\/03\/image-3-1024x99.png\" alt=\"\" srcset=\"https:\/\/gensdechertsey.org\/jeu\/wp-content\/uploads\/sites\/6\/2023\/03\/image-3-1024x99.png 1024w, https:\/\/gensdechertsey.org\/jeu\/wp-content\/uploads\/sites\/6\/2023\/03\/image-3-300x29.png 300w, https:\/\/gensdechertsey.org\/jeu\/wp-content\/uploads\/sites\/6\/2023\/03\/image-3-768x75.png 768w, https:\/\/gensdechertsey.org\/jeu\/wp-content\/uploads\/sites\/6\/2023\/03\/image-3.png 1174w\" sizes=\"auto, (max-width: 1024px) 100vw, 1024px\" \/>\r\n<figcaption class=\"wp-element-caption\"><sup>Source: lejeu.org<\/sup><\/figcaption>\r\n<\/figure>\r\n\r\n\r\n\r\n<p>Pour prendre conscience du syst\u00e8me mon\u00e9taire pr\u00e9dateur \u00e0 l&rsquo;origine de l&rsquo;esclavage moderne, voici deux r\u00e9f\u00e9rences int\u00e9ressantes:<\/p>\r\n<p>L&rsquo;article intitul\u00e9 <em><a href=\"https:\/\/volontarisme.com\/2025\/07\/17\/largent-comme-religion\/\" target=\"_blank\" rel=\"noopener\">L&rsquo;argent comme religion<\/a><\/em> sign\u00e9 par\u00a0<strong>Le Volontariste<\/strong><\/p>\r\n<p><a href=\"https:\/\/gensdechertsey.org\/jeu\/wp-content\/uploads\/sites\/6\/2024\/03\/Extrait-de-Bankster-Vol-au-dessus-de-tout-soupcon-pp240-254.pdf\" target=\"_blank\" rel=\"noreferrer noopener\"><em>L&rsquo;\u00eele des naufrag\u00e9s<\/em><\/a>, une histoire pour vos enfants extraite de: <em>Bankster<\/em> <em><em><em>\u00ab\u00a0<\/em><\/em>Vol au-dessus de tout soup\u00e7on<em><em><em>\u00a0\u00bb<\/em><\/em><\/em><\/em>, pp.240-254)<\/p>\r\n\r\n\r\n<div class=\"wp-block-image\">\r\n<figure class=\"aligncenter size-full\"><img loading=\"lazy\" decoding=\"async\" width=\"455\" height=\"400\" class=\"wp-image-2761\" src=\"https:\/\/gensdechertsey.org\/jeu\/wp-content\/uploads\/sites\/6\/2025\/02\/image.png\" alt=\"\" srcset=\"https:\/\/gensdechertsey.org\/jeu\/wp-content\/uploads\/sites\/6\/2025\/02\/image.png 455w, https:\/\/gensdechertsey.org\/jeu\/wp-content\/uploads\/sites\/6\/2025\/02\/image-300x264.png 300w\" sizes=\"auto, (max-width: 455px) 100vw, 455px\" \/><\/figure><\/div>\r\n\r\n\r\n<p class=\"has-text-align-center has-small-font-size\">Source: <a href=\"https:\/\/les7duquebec.net\/archives\/297557\">https:\/\/les7duquebec.net\/archives\/297557<\/a><\/p>\r\n","protected":false},"excerpt":{"rendered":"<p>Source: lejeu.org Pour changer\u2026 \u00e9changeons (sans argent)des savoirs, des biens et des services,dans un esprit de convivialit\u00e9 et de solidarit\u00e9! Le JEU et sa monnaie souveraine Le Jardin d\u2019\u00c9change Universel (JEU) est un r\u00e9seau d\u2019\u00e9change sans fronti\u00e8res, ni hi\u00e9rarchie, favorisant des \u00e9changes \u00e9quitables entre humains. Le JEU utilise le point JEU comme monnaie et s&rsquo;av\u00e8re &#8230; <a title=\"JEU Chertsey \u2600\ufe0f\" class=\"read-more\" href=\"https:\/\/gensdechertsey.org\/jeu\/\" aria-label=\"En savoir plus sur JEU Chertsey \u2600\ufe0f\">Lire la suite<\/a><\/p>\n","protected":false},"author":1,"featured_media":0,"parent":0,"menu_order":0,"comment_status":"closed","ping_status":"closed","template":"","meta":{"footnotes":""},"class_list":["post-2","page","type-page","status-publish"],"yoast_head":"<!-- This site is optimized with the Yoast SEO plugin v27.5 - https:\/\/yoast.com\/product\/yoast-seo-wordpress\/ -->\n<title>JEU Chertsey \u2600\ufe0f - Jardin d&#039;\u00c9change Universel<\/title>\n<meta name=\"description\" content=\"Le Jardin d\u2019\u00c9change Universel (JEU) est un r\u00e9seau d\u2019\u00e9change sans fronti\u00e8res, ni hi\u00e9rarchie, favorisant des \u00e9changes \u00e9quitables entre humains.\" \/>\n<meta name=\"robots\" content=\"index, follow, max-snippet:-1, max-image-preview:large, max-video-preview:-1\" \/>\n<link rel=\"canonical\" href=\"https:\/\/gensdechertsey.org\/jeu\/\" \/>\n<script type=\"application\/ld+json\" class=\"yoast-schema-graph\">{\"@context\":\"https:\\\/\\\/schema.org\",\"@graph\":[{\"@type\":\"WebPage\",\"@id\":\"https:\\\/\\\/gensdechertsey.org\\\/jeu\\\/\",\"url\":\"https:\\\/\\\/gensdechertsey.org\\\/jeu\\\/\",\"name\":\"JEU Chertsey \u2600\ufe0f - Jardin d'\u00c9change Universel\",\"isPartOf\":{\"@id\":\"https:\\\/\\\/gensdechertsey.org\\\/jeu\\\/#website\"},\"primaryImageOfPage\":{\"@id\":\"https:\\\/\\\/gensdechertsey.org\\\/jeu\\\/#primaryimage\"},\"image\":{\"@id\":\"https:\\\/\\\/gensdechertsey.org\\\/jeu\\\/#primaryimage\"},\"thumbnailUrl\":\"https:\\\/\\\/gensdechertsey.org\\\/jeu\\\/wp-content\\\/uploads\\\/sites\\\/6\\\/2025\\\/01\\\/image.png\",\"datePublished\":\"2023-01-24T22:30:23+00:00\",\"dateModified\":\"2025-10-21T15:53:19+00:00\",\"description\":\"Le Jardin d\u2019\u00c9change Universel (JEU) est un r\u00e9seau d\u2019\u00e9change sans fronti\u00e8res, ni hi\u00e9rarchie, favorisant des \u00e9changes \u00e9quitables entre humains.\",\"breadcrumb\":{\"@id\":\"https:\\\/\\\/gensdechertsey.org\\\/jeu\\\/#breadcrumb\"},\"inLanguage\":\"fr-FR\",\"potentialAction\":[{\"@type\":\"ReadAction\",\"target\":[\"https:\\\/\\\/gensdechertsey.org\\\/jeu\\\/\"]}]},{\"@type\":\"ImageObject\",\"inLanguage\":\"fr-FR\",\"@id\":\"https:\\\/\\\/gensdechertsey.org\\\/jeu\\\/#primaryimage\",\"url\":\"https:\\\/\\\/gensdechertsey.org\\\/jeu\\\/wp-content\\\/uploads\\\/sites\\\/6\\\/2025\\\/01\\\/image.png\",\"contentUrl\":\"https:\\\/\\\/gensdechertsey.org\\\/jeu\\\/wp-content\\\/uploads\\\/sites\\\/6\\\/2025\\\/01\\\/image.png\",\"width\":506,\"height\":29},{\"@type\":\"BreadcrumbList\",\"@id\":\"https:\\\/\\\/gensdechertsey.org\\\/jeu\\\/#breadcrumb\",\"itemListElement\":[{\"@type\":\"ListItem\",\"position\":1,\"name\":\"Accueil\",\"item\":\"https:\\\/\\\/gensdechertsey.org\\\/jeu\\\/\"},{\"@type\":\"ListItem\",\"position\":2,\"name\":\"JEU Chertsey \u2600\ufe0f\"}]},{\"@type\":\"WebSite\",\"@id\":\"https:\\\/\\\/gensdechertsey.org\\\/jeu\\\/#website\",\"url\":\"https:\\\/\\\/gensdechertsey.org\\\/jeu\\\/\",\"name\":\"JEU Chertsey \ud83d\udd05\u200b\",\"description\":\"JEU Chertsey \ud83d\udd05\u200b\",\"publisher\":{\"@id\":\"https:\\\/\\\/gensdechertsey.org\\\/jeu\\\/#organization\"},\"potentialAction\":[{\"@type\":\"SearchAction\",\"target\":{\"@type\":\"EntryPoint\",\"urlTemplate\":\"https:\\\/\\\/gensdechertsey.org\\\/jeu\\\/?s={search_term_string}\"},\"query-input\":{\"@type\":\"PropertyValueSpecification\",\"valueRequired\":true,\"valueName\":\"search_term_string\"}}],\"inLanguage\":\"fr-FR\"},{\"@type\":\"Organization\",\"@id\":\"https:\\\/\\\/gensdechertsey.org\\\/jeu\\\/#organization\",\"name\":\"JEU Chertsey\",\"url\":\"https:\\\/\\\/gensdechertsey.org\\\/jeu\\\/\",\"logo\":{\"@type\":\"ImageObject\",\"inLanguage\":\"fr-FR\",\"@id\":\"https:\\\/\\\/gensdechertsey.org\\\/jeu\\\/#\\\/schema\\\/logo\\\/image\\\/\",\"url\":\"https:\\\/\\\/gensdechertsey.org\\\/jeu\\\/wp-content\\\/uploads\\\/sites\\\/6\\\/2023\\\/03\\\/Logo-pour-site-web2.png\",\"contentUrl\":\"https:\\\/\\\/gensdechertsey.org\\\/jeu\\\/wp-content\\\/uploads\\\/sites\\\/6\\\/2023\\\/03\\\/Logo-pour-site-web2.png\",\"width\":900,\"height\":983,\"caption\":\"JEU Chertsey\"},\"image\":{\"@id\":\"https:\\\/\\\/gensdechertsey.org\\\/jeu\\\/#\\\/schema\\\/logo\\\/image\\\/\"}}]}<\/script>\n<!-- \/ Yoast SEO plugin. -->","yoast_head_json":{"title":"JEU Chertsey \u2600\ufe0f - Jardin d'\u00c9change Universel","description":"Le Jardin d\u2019\u00c9change Universel (JEU) est un r\u00e9seau d\u2019\u00e9change sans fronti\u00e8res, ni hi\u00e9rarchie, favorisant des \u00e9changes \u00e9quitables entre humains.","robots":{"index":"index","follow":"follow","max-snippet":"max-snippet:-1","max-image-preview":"max-image-preview:large","max-video-preview":"max-video-preview:-1"},"canonical":"https:\/\/gensdechertsey.org\/jeu\/","schema":{"@context":"https:\/\/schema.org","@graph":[{"@type":"WebPage","@id":"https:\/\/gensdechertsey.org\/jeu\/","url":"https:\/\/gensdechertsey.org\/jeu\/","name":"JEU Chertsey \u2600\ufe0f - Jardin d'\u00c9change Universel","isPartOf":{"@id":"https:\/\/gensdechertsey.org\/jeu\/#website"},"primaryImageOfPage":{"@id":"https:\/\/gensdechertsey.org\/jeu\/#primaryimage"},"image":{"@id":"https:\/\/gensdechertsey.org\/jeu\/#primaryimage"},"thumbnailUrl":"https:\/\/gensdechertsey.org\/jeu\/wp-content\/uploads\/sites\/6\/2025\/01\/image.png","datePublished":"2023-01-24T22:30:23+00:00","dateModified":"2025-10-21T15:53:19+00:00","description":"Le Jardin d\u2019\u00c9change Universel (JEU) est un r\u00e9seau d\u2019\u00e9change sans fronti\u00e8res, ni hi\u00e9rarchie, favorisant des \u00e9changes \u00e9quitables entre humains.","breadcrumb":{"@id":"https:\/\/gensdechertsey.org\/jeu\/#breadcrumb"},"inLanguage":"fr-FR","potentialAction":[{"@type":"ReadAction","target":["https:\/\/gensdechertsey.org\/jeu\/"]}]},{"@type":"ImageObject","inLanguage":"fr-FR","@id":"https:\/\/gensdechertsey.org\/jeu\/#primaryimage","url":"https:\/\/gensdechertsey.org\/jeu\/wp-content\/uploads\/sites\/6\/2025\/01\/image.png","contentUrl":"https:\/\/gensdechertsey.org\/jeu\/wp-content\/uploads\/sites\/6\/2025\/01\/image.png","width":506,"height":29},{"@type":"BreadcrumbList","@id":"https:\/\/gensdechertsey.org\/jeu\/#breadcrumb","itemListElement":[{"@type":"ListItem","position":1,"name":"Accueil","item":"https:\/\/gensdechertsey.org\/jeu\/"},{"@type":"ListItem","position":2,"name":"JEU Chertsey \u2600\ufe0f"}]},{"@type":"WebSite","@id":"https:\/\/gensdechertsey.org\/jeu\/#website","url":"https:\/\/gensdechertsey.org\/jeu\/","name":"JEU Chertsey \ud83d\udd05\u200b","description":"JEU Chertsey \ud83d\udd05\u200b","publisher":{"@id":"https:\/\/gensdechertsey.org\/jeu\/#organization"},"potentialAction":[{"@type":"SearchAction","target":{"@type":"EntryPoint","urlTemplate":"https:\/\/gensdechertsey.org\/jeu\/?s={search_term_string}"},"query-input":{"@type":"PropertyValueSpecification","valueRequired":true,"valueName":"search_term_string"}}],"inLanguage":"fr-FR"},{"@type":"Organization","@id":"https:\/\/gensdechertsey.org\/jeu\/#organization","name":"JEU Chertsey","url":"https:\/\/gensdechertsey.org\/jeu\/","logo":{"@type":"ImageObject","inLanguage":"fr-FR","@id":"https:\/\/gensdechertsey.org\/jeu\/#\/schema\/logo\/image\/","url":"https:\/\/gensdechertsey.org\/jeu\/wp-content\/uploads\/sites\/6\/2023\/03\/Logo-pour-site-web2.png","contentUrl":"https:\/\/gensdechertsey.org\/jeu\/wp-content\/uploads\/sites\/6\/2023\/03\/Logo-pour-site-web2.png","width":900,"height":983,"caption":"JEU Chertsey"},"image":{"@id":"https:\/\/gensdechertsey.org\/jeu\/#\/schema\/logo\/image\/"}}]}},"_links":{"self":[{"href":"https:\/\/gensdechertsey.org\/jeu\/wp-json\/wp\/v2\/pages\/2","targetHints":{"allow":["GET"]}}],"collection":[{"href":"https:\/\/gensdechertsey.org\/jeu\/wp-json\/wp\/v2\/pages"}],"about":[{"href":"https:\/\/gensdechertsey.org\/jeu\/wp-json\/wp\/v2\/types\/page"}],"author":[{"embeddable":true,"href":"https:\/\/gensdechertsey.org\/jeu\/wp-json\/wp\/v2\/users\/1"}],"replies":[{"embeddable":true,"href":"https:\/\/gensdechertsey.org\/jeu\/wp-json\/wp\/v2\/comments?post=2"}],"version-history":[{"count":58,"href":"https:\/\/gensdechertsey.org\/jeu\/wp-json\/wp\/v2\/pages\/2\/revisions"}],"predecessor-version":[{"id":2989,"href":"https:\/\/gensdechertsey.org\/jeu\/wp-json\/wp\/v2\/pages\/2\/revisions\/2989"}],"wp:attachment":[{"href":"https:\/\/gensdechertsey.org\/jeu\/wp-json\/wp\/v2\/media?parent=2"}],"curies":[{"name":"wp","href":"https:\/\/api.w.org\/{rel}","templated":true}]}}